{"id":6310,"date":"2023-10-29T12:45:47","date_gmt":"2023-10-29T12:45:47","guid":{"rendered":"https:\/\/suomitv.io\/?page_id=6310"},"modified":"2024-03-09T19:59:21","modified_gmt":"2024-03-09T19:59:21","slug":"windows-iptv-player","status":"publish","type":"page","link":"https:\/\/suomitv.io\/fi\/windows-iptv-player\/","title":{"rendered":"Windows IPTV Player"},"content":{"rendered":"<div id=\"fws_69d64744e23e8\"  data-column-margin=\"default\" data-midnight=\"light\" data-top-percent=\"8%\" data-bottom-percent=\"12%\" data-nectar-animated-gradient-settings=\"{&quot;color_1&quot;:&quot;#b71921&quot;,&quot;color_2&quot;:&quot;#ff4f0f&quot;,&quot;speed&quot;:&quot;1300&quot;,&quot;blending_mode&quot;:&quot;linear&quot;}\"  class=\"wpb_row vc_row-fluid vc_row full-width-section parallax_section\"  style=\"padding-top: calc(100vw * 0.08); padding-bottom: calc(100vw * 0.12); \"><div class=\"row-bg-wrap has-animated-gradient\" data-bg-animation=\"none\" data-bg-animation-delay=\"\" data-bg-overlay=\"true\"><div class=\"inner-wrap row-bg-layer\" ><div class=\"row-bg viewport-desktop using-bg-color\" data-parallax-speed=\"fast\" style=\"background-color: #b70009; \"><\/div><\/div><div class=\"row-bg-overlay row-bg-layer\" style=\"background: #060079; background: linear-gradient(135deg,#060079 0%,#006996 100%);  opacity: 0.95; \"><\/div><\/div><div class=\"nectar-shape-divider-wrap no-color\" style=\" height:120px;\"  data-height=\"120\" data-front=\"\" data-style=\"curve_opacity\" data-position=\"bottom\" ><svg class=\"nectar-shape-divider\" fill=\"\" xmlns=\"http:\/\/www.w3.org\/2000\/svg\" viewbox=\"0 0 1000 100\" preserveaspectratio=\"none\"> <path d=\"M 0 14 s 88.64 3.48 300 36 c 260 40 514 27 703 -10 l 12 28 l 3 36 h -1018 z\"><\/path> <path d=\"M 0 45 s 271 45.13 500 32 c 157 -9 330 -47 515 -63 v 86 h -1015 z\"><\/path> <path d=\"M 0 58 s 188.29 32 508 32 c 290 0 494 -35 494 -35 v 45 h -1002 z\"><\/path> <\/svg><\/div><div class=\"row_col_wrap_12 col span_12 light left\">\n\t<div  class=\"vc_col-sm-2 wpb_column column_container vc_column_container col no-extra-padding inherit_tablet inherit_phone\"  data-padding-pos=\"all\" data-has-bg-color=\"false\" data-bg-color=\"\" data-bg-opacity=\"1\" data-animation=\"\" data-delay=\"0\" >\n\t\t<div class=\"vc_column-inner\" >\n\t\t\t<div class=\"wpb_wrapper\">\n\t\t\t\t\n\t\t\t<\/div> \n\t\t<\/div>\n\t<\/div> \n\n\t<div  class=\"vc_col-sm-8 wpb_column column_container vc_column_container col centered-text no-extra-padding inherit_tablet inherit_phone\"  data-padding-pos=\"all\" data-has-bg-color=\"false\" data-bg-color=\"\" data-bg-opacity=\"1\" data-animation=\"\" data-delay=\"0\" >\n\t\t<div class=\"vc_column-inner\" >\n\t\t\t<div class=\"wpb_wrapper\">\n\t\t\t\t\n<div class=\"wpb_text_column wpb_content_element\" >\n\t<div class=\"wpb_wrapper\">\n\t\t<h2 style=\"text-align: center;\">Windows IPTV Player (Dator)<\/h2>\n\t<\/div>\n<\/div>\n\n\n\n\n<div class=\"wpb_text_column wpb_content_element\" >\n\t<div class=\"wpb_wrapper\">\n\t\t<h3 style=\"text-align: center;\"><strong>Vaihe 1 ennen oppaiden lukemista on palvelun tilaaminen meilt\u00e4.<\/strong><\/h3>\n\t<\/div>\n<\/div>\n\n\n\n<a class=\"nectar-button jumbo see-through-2\"  role=\"button\" style=\"margin-top: 10px; border-color: #ffffff; color: #ffffff;\"  href=\"https:\/\/suomitv.io\/fi\/kop\/\" data-color-override=\"#ffffff\"  data-hover-color-override=\"#ffffff\" data-hover-text-color-override=\"#000000\"><span>TILAUS<\/span><\/a>\n\t\t\t<\/div> \n\t\t<\/div>\n\t<\/div> \n\n\t<div  class=\"vc_col-sm-2 wpb_column column_container vc_column_container col no-extra-padding inherit_tablet inherit_phone\"  data-padding-pos=\"all\" data-has-bg-color=\"false\" data-bg-color=\"\" data-bg-opacity=\"1\" data-animation=\"\" data-delay=\"0\" >\n\t\t<div class=\"vc_column-inner\" >\n\t\t\t<div class=\"wpb_wrapper\">\n\t\t\t\t\n\t\t\t<\/div> \n\t\t<\/div>\n\t<\/div> \n<\/div><\/div>\n\t\t<div id=\"fws_69d64744e6c31\"  data-column-margin=\"default\" data-midnight=\"dark\"  class=\"wpb_row vc_row-fluid vc_row  top_margin_5pct bottom_margin_5pct\"  style=\"padding-top: 0px; padding-bottom: 0px; \"><div class=\"row-bg-wrap\" data-bg-animation=\"none\" data-bg-animation-delay=\"\" data-bg-overlay=\"false\"><div class=\"inner-wrap row-bg-layer\" ><div class=\"row-bg viewport-desktop\"  style=\"\"><\/div><\/div><\/div><div class=\"row_col_wrap_12 col span_12 dark left\">\n\t<div  class=\"vc_col-sm-2 wpb_column column_container vc_column_container col no-extra-padding inherit_tablet inherit_phone\"  data-padding-pos=\"all\" data-has-bg-color=\"false\" data-bg-color=\"\" data-bg-opacity=\"1\" data-animation=\"\" data-delay=\"0\" >\n\t\t<div class=\"vc_column-inner\" >\n\t\t\t<div class=\"wpb_wrapper\">\n\t\t\t\t\n\t\t\t<\/div> \n\t\t<\/div>\n\t<\/div> \n\n\t<div style=\"margin-top: 30px; \" class=\"vc_col-sm-8 wpb_column column_container vc_column_container col no-extra-padding inherit_tablet inherit_phone\"  data-padding-pos=\"all\" data-has-bg-color=\"false\" data-bg-color=\"\" data-bg-opacity=\"1\" data-animation=\"\" data-delay=\"0\" >\n\t\t<div class=\"vc_column-inner\" >\n\t\t\t<div class=\"wpb_wrapper\">\n\t\t\t\t\n<div class=\"wpb_text_column wpb_content_element\" >\n\t<div class=\"wpb_wrapper\">\n\t\t<div class=\"elementor-widget-container\">\n<p>1. Siirry t\u00e4lle sivulle ja lataa ohjelma tietokoneellesi\u00a0<a href=\"https:\/\/windowsiptvplayer.net\/Windows_IPTV_Player_3.0.exe\">https:\/\/windowsiptvplayer.net\/Windows_IPTV_Player_3.0.exe<\/a><\/p>\n<p>2. Paina nyt Tuo (katso kuva alla)<\/p>\n<\/div>\n\t<\/div>\n<\/div>\n\n\n\n<div class=\"img-with-aniamtion-wrap\" data-max-width=\"100%\" data-max-width-mobile=\"default\" data-shadow=\"none\" data-animation=\"none\" >\n      <div class=\"inner\">\n        <div class=\"hover-wrap\"> \n          <div class=\"hover-wrap-inner\">\n            <img loading=\"lazy\" decoding=\"async\" class=\"img-with-animation skip-lazy\" data-delay=\"0\" height=\"543\" width=\"672\" data-animation=\"none\" src=\"https:\/\/suomitv.io\/wp-content\/uploads\/2023\/10\/1-1-1.jpeg\" alt=\"\" srcset=\"https:\/\/suomitv.io\/wp-content\/uploads\/2023\/10\/1-1-1.jpeg 672w, https:\/\/suomitv.io\/wp-content\/uploads\/2023\/10\/1-1-1-600x485.jpeg 600w, https:\/\/suomitv.io\/wp-content\/uploads\/2023\/10\/1-1-1-300x242.jpeg 300w\" sizes=\"auto, (max-width: 672px) 100vw, 672px\" \/>\n          <\/div>\n        <\/div>\n      <\/div>\n    <\/div>\n<div class=\"wpb_text_column wpb_content_element\" >\n\t<div class=\"wpb_wrapper\">\n\t\t<p>3. Siell\u00e4 valitset vaihtoehdon m3u tuonti mukaan (katso kuva alla)<\/p>\n\t<\/div>\n<\/div>\n\n\n\n<div class=\"img-with-aniamtion-wrap\" data-max-width=\"100%\" data-max-width-mobile=\"default\" data-shadow=\"none\" data-animation=\"none\" >\n      <div class=\"inner\">\n        <div class=\"hover-wrap\"> \n          <div class=\"hover-wrap-inner\">\n            <img loading=\"lazy\" decoding=\"async\" class=\"img-with-animation skip-lazy\" data-delay=\"0\" height=\"531\" width=\"666\" data-animation=\"none\" src=\"https:\/\/suomitv.io\/wp-content\/uploads\/2023\/10\/2-1-1.jpeg\" alt=\"\" srcset=\"https:\/\/suomitv.io\/wp-content\/uploads\/2023\/10\/2-1-1.jpeg 666w, https:\/\/suomitv.io\/wp-content\/uploads\/2023\/10\/2-1-1-600x478.jpeg 600w, https:\/\/suomitv.io\/wp-content\/uploads\/2023\/10\/2-1-1-300x239.jpeg 300w\" sizes=\"auto, (max-width: 666px) 100vw, 666px\" \/>\n          <\/div>\n        <\/div>\n      <\/div>\n    <\/div>\n<div class=\"wpb_text_column wpb_content_element\" >\n\t<div class=\"wpb_wrapper\">\n\t\t<p>4. Nyt n\u00e4kyviin tulee laatikko, johon sinun on sy\u00f6tett\u00e4v\u00e4 meilt\u00e4 tilauksesi j\u00e4lkeen saamasi m3u-linkki ja paina sitten enter (katso kuva alla)<\/p>\n\t<\/div>\n<\/div>\n\n\n\n<div class=\"img-with-aniamtion-wrap\" data-max-width=\"100%\" data-max-width-mobile=\"default\" data-shadow=\"none\" data-animation=\"none\" >\n      <div class=\"inner\">\n        <div class=\"hover-wrap\"> \n          <div class=\"hover-wrap-inner\">\n            <img loading=\"lazy\" decoding=\"async\" class=\"img-with-animation skip-lazy\" data-delay=\"0\" height=\"533\" width=\"667\" data-animation=\"none\" src=\"https:\/\/suomitv.io\/wp-content\/uploads\/2023\/10\/3-2-1.jpeg\" alt=\"\" srcset=\"https:\/\/suomitv.io\/wp-content\/uploads\/2023\/10\/3-2-1.jpeg 667w, https:\/\/suomitv.io\/wp-content\/uploads\/2023\/10\/3-2-1-600x479.jpeg 600w, https:\/\/suomitv.io\/wp-content\/uploads\/2023\/10\/3-2-1-300x240.jpeg 300w\" sizes=\"auto, (max-width: 667px) 100vw, 667px\" \/>\n          <\/div>\n        <\/div>\n      <\/div>\n    <\/div>\n<div class=\"wpb_text_column wpb_content_element\" >\n\t<div class=\"wpb_wrapper\">\n\t\t<div class=\"elementor-widget-container\">\n<p>5. Nyt n\u00e4et, ett\u00e4 tietosi on t\u00e4ytetty ja sinun on napsautettava ruutua nimelt\u00e4 &#8220;Tallenna&#8221;<\/p>\n<p>6. Nyt sinun pit\u00e4isi n\u00e4hd\u00e4 palvelin lis\u00e4ttyn\u00e4 oikealla olevassa laatikossa, napsauta sit\u00e4 ja IPTV:si pit\u00e4isi toimia. (katso kuva alla)<\/p>\n<\/div>\n\t<\/div>\n<\/div>\n\n\n\n<div class=\"img-with-aniamtion-wrap\" data-max-width=\"100%\" data-max-width-mobile=\"default\" data-shadow=\"none\" data-animation=\"none\" >\n      <div class=\"inner\">\n        <div class=\"hover-wrap\"> \n          <div class=\"hover-wrap-inner\">\n            <img loading=\"lazy\" decoding=\"async\" class=\"img-with-animation skip-lazy\" data-delay=\"0\" height=\"534\" width=\"664\" data-animation=\"none\" src=\"https:\/\/suomitv.io\/wp-content\/uploads\/2023\/10\/Inked6_LI-1-1.jpg\" alt=\"\" srcset=\"https:\/\/suomitv.io\/wp-content\/uploads\/2023\/10\/Inked6_LI-1-1.jpg 664w, https:\/\/suomitv.io\/wp-content\/uploads\/2023\/10\/Inked6_LI-1-1-600x483.jpg 600w, https:\/\/suomitv.io\/wp-content\/uploads\/2023\/10\/Inked6_LI-1-1-300x241.jpg 300w\" sizes=\"auto, (max-width: 664px) 100vw, 664px\" \/>\n          <\/div>\n        <\/div>\n      <\/div>\n    <\/div>\n\t\t\t<\/div> \n\t\t<\/div>\n\t<\/div> \n\n\t<div  class=\"vc_col-sm-2 wpb_column column_container vc_column_container col no-extra-padding inherit_tablet inherit_phone\"  data-padding-pos=\"all\" data-has-bg-color=\"false\" data-bg-color=\"\" data-bg-opacity=\"1\" data-animation=\"\" data-delay=\"0\" >\n\t\t<div class=\"vc_column-inner\" >\n\t\t\t<div class=\"wpb_wrapper\">\n\t\t\t\t\n\t\t\t<\/div> \n\t\t<\/div>\n\t<\/div> \n<\/div><\/div>\n\t\t<div id=\"fws_69d64744f1802\"  data-column-margin=\"default\" data-midnight=\"light\" data-top-percent=\"19%\" data-bottom-percent=\"9%\"  class=\"wpb_row vc_row-fluid vc_row full-width-section\"  style=\"padding-top: calc(100vw * 0.19); padding-bottom: calc(100vw * 0.09); \"><div class=\"row-bg-wrap\" data-bg-animation=\"none\" data-bg-animation-delay=\"\" data-bg-overlay=\"true\"><div class=\"inner-wrap row-bg-layer\" ><div class=\"row-bg viewport-desktop using-bg-color\"  style=\"background-color: #333333; \"><\/div><\/div><div class=\"row-bg-overlay row-bg-layer\" style=\"background: rgba(183,0,9,0.75); background: linear-gradient(135deg,rgba(183,0,9,0.75) 0%,rgba(255,50,0,0.71) 100%);  opacity: 1; \"><\/div><\/div><div class=\"nectar-shape-divider-wrap no-color\" style=\" height:250px;\"  data-height=\"250\" data-front=\"\" data-style=\"waves_opacity_alt\" data-position=\"top\" ><svg class=\"nectar-shape-divider\" aria-hidden=\"true\" fill=\"\" xmlns=\"http:\/\/www.w3.org\/2000\/svg\" viewbox=\"0 0 1000 300\" preserveaspectratio=\"none\">\n          <path d=\"M 1000 299 l 2 -279 c -155 -36 -310 135 -415 164 c -102.64 28.35 -149 -32 -232 -31 c -80 1 -142 53 -229 80 c -65.54 20.34 -101 15 -126 11.61 v 54.39 z\"><\/path> <path d=\"M 1000 286 l 2 -252 c -157 -43 -302 144 -405 178 c -101.11 33.38 -159 -47 -242 -46 c -80 1 -145.09 54.07 -229 87 c -65.21 25.59 -104.07 16.72 -126 10.61 v 22.39 z\"><\/path> <path d=\"M 1000 300 l 1 -230.29 c -217 -12.71 -300.47 129.15 -404 156.29 c -103 27 -174 -30 -257 -29 c -80 1 -130.09 37.07 -214 70 c -61.23 24 -108 15.61 -126 10.61 v 22.39 z\"><\/path>\n           <\/svg><\/div><div class=\"row_col_wrap_12 col span_12 light left\">\n\t<div  class=\"vc_col-sm-2 wpb_column column_container vc_column_container col centered-text no-extra-padding inherit_tablet inherit_phone\"  data-padding-pos=\"all\" data-has-bg-color=\"false\" data-bg-color=\"\" data-bg-opacity=\"1\" data-animation=\"\" data-delay=\"0\" >\n\t\t<div class=\"vc_column-inner\" >\n\t\t\t<div class=\"wpb_wrapper\">\n\t\t\t\t\n\t\t\t<\/div> \n\t\t<\/div>\n\t<\/div> \n\n\t<div  class=\"vc_col-sm-8 wpb_column column_container vc_column_container col centered-text no-extra-padding inherit_tablet inherit_phone\"  data-padding-pos=\"all\" data-has-bg-color=\"false\" data-bg-color=\"\" data-bg-opacity=\"1\" data-animation=\"\" data-delay=\"0\" >\n\t\t<div class=\"vc_column-inner\" >\n\t\t\t<div class=\"wpb_wrapper\">\n\t\t\t\t<div id=\"fws_69d64744f3876\" data-midnight=\"\" data-column-margin=\"default\" class=\"wpb_row vc_row-fluid vc_row inner_row\"  style=\"\"><div class=\"row-bg-wrap\"> <div class=\"row-bg\" ><\/div> <\/div><div class=\"row_col_wrap_12_inner col span_12  left\">\n\t<div  class=\"vc_col-sm-12 wpb_column column_container vc_column_container col child_column centered-text has-animation no-extra-padding inherit_tablet inherit_phone\"   data-padding-pos=\"all\" data-has-bg-color=\"false\" data-bg-color=\"\" data-bg-opacity=\"1\" data-animation=\"fade-in-from-bottom\" data-delay=\"0\" >\n\t\t<div class=\"vc_column-inner\" >\n\t\t<div class=\"wpb_wrapper\">\n\t\t\t\n<div class=\"wpb_text_column wpb_content_element\" >\n\t<div class=\"wpb_wrapper\">\n\t\t<h2>Valtava valikoima korkearesoluutioisia.<\/h2>\n\t<\/div>\n<\/div>\n\n\n\n\n<div class=\"wpb_text_column wpb_content_element\" >\n\t<div class=\"wpb_wrapper\">\n\t\t<p>Katso koko valikoimamme kanavia, elokuvia ja sarjoja.<\/p>\n\t<\/div>\n<\/div>\n\n\n\n\n\t\t<\/div> \n\t<\/div>\n\t<\/div> \n<\/div><\/div><div id=\"fws_69d6474500f73\" data-midnight=\"\" data-column-margin=\"default\" class=\"wpb_row vc_row-fluid vc_row inner_row\"  style=\"\"><div class=\"row-bg-wrap\"> <div class=\"row-bg\" ><\/div> <\/div><div class=\"row_col_wrap_12_inner col span_12  left\">\n\t<div  class=\"vc_col-sm-12 wpb_column column_container vc_column_container col child_column has-animation no-extra-padding inherit_tablet inherit_phone\"   data-padding-pos=\"all\" data-has-bg-color=\"false\" data-bg-color=\"\" data-bg-opacity=\"1\" data-animation=\"fade-in-from-bottom\" data-delay=\"100\" >\n\t\t<div class=\"vc_column-inner\" >\n\t\t<div class=\"wpb_wrapper\">\n\t\t\t<a class=\"nectar-button jumbo see-through-2\"  role=\"button\" style=\"margin-top: 25px; margin-right: 10px; margin-left: 10px;border-color: #ffffff; color: #ffffff;\"  href=\"https:\/\/suomitv.io\/fi\/kop\/\" data-color-override=\"#ffffff\"  data-hover-color-override=\"#ffffff\" data-hover-text-color-override=\"#000000\"><span>MEID\u00c4N VALINTA<\/span><\/a>\n\t\t<\/div> \n\t<\/div>\n\t<\/div> \n<\/div><\/div>\n\t\t\t<\/div> \n\t\t<\/div>\n\t<\/div> \n\n\t<div  class=\"vc_col-sm-2 wpb_column column_container vc_column_container col no-extra-padding inherit_tablet inherit_phone\"  data-padding-pos=\"all\" data-has-bg-color=\"false\" data-bg-color=\"\" data-bg-opacity=\"1\" data-animation=\"\" data-delay=\"0\" >\n\t\t<div class=\"vc_column-inner\" >\n\t\t\t<div class=\"wpb_wrapper\">\n\t\t\t\t\n\t\t\t<\/div> \n\t\t<\/div>\n\t<\/div> \n<\/div><\/div>","protected":false},"excerpt":{"rendered":"Windows IPTV Player (Dator) Vaihe 1 ennen oppaiden lukemista on palvelun tilaaminen meilt\u00e4. TILAUS 1. Siirry t\u00e4lle sivulle ja lataa ohjelma tietokoneellesi\u00a0https:\/\/windowsiptvplayer.net\/Windows_IPTV_Player_3.0.exe 2. Paina nyt...","protected":false},"author":1,"featured_media":0,"parent":0,"menu_order":0,"comment_status":"closed","ping_status":"closed","template":"","meta":{"footnotes":""},"class_list":["post-6310","page","type-page","status-publish"],"_links":{"self":[{"href":"https:\/\/suomitv.io\/fi\/wp-json\/wp\/v2\/pages\/6310","targetHints":{"allow":["GET"]}}],"collection":[{"href":"https:\/\/suomitv.io\/fi\/wp-json\/wp\/v2\/pages"}],"about":[{"href":"https:\/\/suomitv.io\/fi\/wp-json\/wp\/v2\/types\/page"}],"author":[{"embeddable":true,"href":"https:\/\/suomitv.io\/fi\/wp-json\/wp\/v2\/users\/1"}],"replies":[{"embeddable":true,"href":"https:\/\/suomitv.io\/fi\/wp-json\/wp\/v2\/comments?post=6310"}],"version-history":[{"count":2,"href":"https:\/\/suomitv.io\/fi\/wp-json\/wp\/v2\/pages\/6310\/revisions"}],"predecessor-version":[{"id":6547,"href":"https:\/\/suomitv.io\/fi\/wp-json\/wp\/v2\/pages\/6310\/revisions\/6547"}],"wp:attachment":[{"href":"https:\/\/suomitv.io\/fi\/wp-json\/wp\/v2\/media?parent=6310"}],"curies":[{"name":"wp","href":"https:\/\/api.w.org\/{rel}","templated":true}]}}