{"id":6505,"date":"2023-11-08T20:28:55","date_gmt":"2023-11-08T20:28:55","guid":{"rendered":"https:\/\/suomitv.io\/?page_id=6505"},"modified":"2024-03-09T19:32:12","modified_gmt":"2024-03-09T19:32:12","slug":"sports-table","status":"publish","type":"page","link":"https:\/\/suomitv.io\/fi\/sports-table\/","title":{"rendered":"Sports Table"},"content":{"rendered":"<div id=\"fws_69d627d3adde3\"  data-column-margin=\"default\" data-midnight=\"light\" data-top-percent=\"8%\" data-bottom-percent=\"12%\" data-nectar-animated-gradient-settings=\"{&quot;color_1&quot;:&quot;#b71921&quot;,&quot;color_2&quot;:&quot;#ff4f0f&quot;,&quot;speed&quot;:&quot;1300&quot;,&quot;blending_mode&quot;:&quot;linear&quot;}\"  class=\"wpb_row vc_row-fluid vc_row full-width-section parallax_section\"  style=\"padding-top: calc(100vw * 0.08); padding-bottom: calc(100vw * 0.12); \"><div class=\"row-bg-wrap has-animated-gradient\" data-bg-animation=\"none\" data-bg-animation-delay=\"\" data-bg-overlay=\"true\"><div class=\"inner-wrap row-bg-layer\" ><div class=\"row-bg viewport-desktop using-bg-color\" data-parallax-speed=\"fast\" style=\"background-color: #b70009; \"><\/div><\/div><div class=\"row-bg-overlay row-bg-layer\" style=\"background: #060079; background: linear-gradient(135deg,#060079 0%,#006996 100%);  opacity: 0.95; \"><\/div><\/div><div class=\"nectar-shape-divider-wrap no-color\" style=\" height:120px;\"  data-height=\"120\" data-front=\"\" data-style=\"triangle\" data-position=\"bottom\" ><svg class=\"nectar-shape-divider\" aria-hidden=\"true\" fill=\"\" xmlns=\"http:\/\/www.w3.org\/2000\/svg\" viewbox=\"0 0 1000 100\" preserveaspectratio=\"none\"> <polygon points=\"501 53.27 0.5 0.56 0.5 100 1000.5 100 1000.5 0.66 501 53.27\"\/><\/svg><\/div><div class=\"row_col_wrap_12 col span_12 light left\">\n\t<div  class=\"vc_col-sm-12 wpb_column column_container vc_column_container col no-extra-padding inherit_tablet inherit_phone\"  data-padding-pos=\"all\" data-has-bg-color=\"false\" data-bg-color=\"\" data-bg-opacity=\"1\" data-animation=\"\" data-delay=\"0\" >\n\t\t<div class=\"vc_column-inner\" >\n\t\t\t<div class=\"wpb_wrapper\">\n\t\t\t\t\n<div class=\"wpb_text_column wpb_content_element\" >\n\t<div class=\"wpb_wrapper\">\n\t\t<h2 style=\"text-align: center;\">Sport Tableau<\/h2>\n\t<\/div>\n<\/div>\n\n\n\n<h4 style=\"font-size: 18px;color: rgba(255,255,255,0.7);line-height: 30px;text-align: center;font-family:Quicksand;font-weight:400;font-style:normal\" class=\"vc_custom_heading\" >\u00c4l\u00e4 missaa t\u00e4rkeit\u00e4 urheilutapahtumia! T\u00e4\u00e4lt\u00e4 l\u00f6yd\u00e4t kaikki urheiluajat ja kanavat televisiossa ja suoratoistossa 3 p\u00e4iv\u00e4\u00e4 eteenp\u00e4in.<\/h4>\n\t\t\t<\/div> \n\t\t<\/div>\n\t<\/div> \n<\/div><\/div>\n\t\t<div id=\"fws_69d627d3b0f32\"  data-column-margin=\"default\" data-midnight=\"dark\" data-top-percent=\"2%\" data-bottom-percent=\"4%\"  class=\"wpb_row vc_row-fluid vc_row full-width-section parallax_section\"  style=\"padding-top: calc(100vw * 0.02); padding-bottom: calc(100vw * 0.04); \"><div class=\"row-bg-wrap\" data-bg-animation=\"none\" data-bg-animation-delay=\"\" data-bg-overlay=\"false\"><div class=\"inner-wrap row-bg-layer\" ><div class=\"row-bg viewport-desktop using-bg-color\" data-parallax-speed=\"fast\" style=\"background-color: #ffffff; \"><\/div><\/div><\/div><div class=\"row_col_wrap_12 col span_12 dark left\">\n\t<div  class=\"vc_col-sm-12 wpb_column column_container vc_column_container col no-extra-padding inherit_tablet inherit_phone\"  data-padding-pos=\"all\" data-has-bg-color=\"false\" data-bg-color=\"\" data-bg-opacity=\"1\" data-animation=\"\" data-delay=\"0\" >\n\t\t<div class=\"vc_column-inner\" >\n\t\t\t<div class=\"wpb_wrapper\">\n\t\t\t\t\n\t<div class=\"wpb_raw_code wpb_content_element wpb_raw_html\" >\n\t\t<div class=\"wpb_wrapper\">\n\t\t\t<iframe src=\"https:\/\/www.tvmatchen.nu\/widget\/61719a4e0d33d?heading=Sport%20tabl%C3%A5%203%20dagar&amp;border_color=custom&amp;autoscroll=1&amp;custom_colors=427ed1,f3f3f3,000c1e\" frameborder=\"0\" style=\"width: 100%; height: 800px; border: none\"><\/iframe>\n\t\t<\/div>\n\t<\/div>\n\n\t\t\t<\/div> \n\t\t<\/div>\n\t<\/div> \n<\/div><\/div>\n\t\t<div id=\"fws_69d627d3b3243\"  data-column-margin=\"default\" data-midnight=\"light\" data-top-percent=\"19%\" data-bottom-percent=\"9%\"  class=\"wpb_row vc_row-fluid vc_row full-width-section\"  style=\"padding-top: calc(100vw * 0.19); padding-bottom: calc(100vw * 0.09); \"><div class=\"row-bg-wrap\" data-bg-animation=\"none\" data-bg-animation-delay=\"\" data-bg-overlay=\"true\"><div class=\"inner-wrap row-bg-layer\" ><div class=\"row-bg viewport-desktop using-bg-color\"  style=\"background-color: #333333; \"><\/div><\/div><div class=\"row-bg-overlay row-bg-layer\" style=\"background: #060079; background: linear-gradient(135deg,#060079 0%,#006996 100%);  opacity: 1; \"><\/div><\/div><div class=\"nectar-shape-divider-wrap no-color\" style=\" height:250px;\"  data-height=\"250\" data-front=\"\" data-style=\"waves_opacity_alt\" data-position=\"top\" ><svg class=\"nectar-shape-divider\" aria-hidden=\"true\" fill=\"\" xmlns=\"http:\/\/www.w3.org\/2000\/svg\" viewbox=\"0 0 1000 300\" preserveaspectratio=\"none\">\n          <path d=\"M 1000 299 l 2 -279 c -155 -36 -310 135 -415 164 c -102.64 28.35 -149 -32 -232 -31 c -80 1 -142 53 -229 80 c -65.54 20.34 -101 15 -126 11.61 v 54.39 z\"><\/path> <path d=\"M 1000 286 l 2 -252 c -157 -43 -302 144 -405 178 c -101.11 33.38 -159 -47 -242 -46 c -80 1 -145.09 54.07 -229 87 c -65.21 25.59 -104.07 16.72 -126 10.61 v 22.39 z\"><\/path> <path d=\"M 1000 300 l 1 -230.29 c -217 -12.71 -300.47 129.15 -404 156.29 c -103 27 -174 -30 -257 -29 c -80 1 -130.09 37.07 -214 70 c -61.23 24 -108 15.61 -126 10.61 v 22.39 z\"><\/path>\n           <\/svg><\/div><div class=\"row_col_wrap_12 col span_12 light left\">\n\t<div  class=\"vc_col-sm-2 wpb_column column_container vc_column_container col centered-text no-extra-padding inherit_tablet inherit_phone\"  data-padding-pos=\"all\" data-has-bg-color=\"false\" data-bg-color=\"\" data-bg-opacity=\"1\" data-animation=\"\" data-delay=\"0\" >\n\t\t<div class=\"vc_column-inner\" >\n\t\t\t<div class=\"wpb_wrapper\">\n\t\t\t\t\n\t\t\t<\/div> \n\t\t<\/div>\n\t<\/div> \n\n\t<div  class=\"vc_col-sm-8 wpb_column column_container vc_column_container col centered-text no-extra-padding inherit_tablet inherit_phone\"  data-padding-pos=\"all\" data-has-bg-color=\"false\" data-bg-color=\"\" data-bg-opacity=\"1\" data-animation=\"\" data-delay=\"0\" >\n\t\t<div class=\"vc_column-inner\" >\n\t\t\t<div class=\"wpb_wrapper\">\n\t\t\t\t<div id=\"fws_69d627d3b547f\" data-midnight=\"\" data-column-margin=\"default\" class=\"wpb_row vc_row-fluid vc_row inner_row\"  style=\"\"><div class=\"row-bg-wrap\"> <div class=\"row-bg\" ><\/div> <\/div><div class=\"row_col_wrap_12_inner col span_12  left\">\n\t<div  class=\"vc_col-sm-12 wpb_column column_container vc_column_container col child_column centered-text has-animation no-extra-padding inherit_tablet inherit_phone\"   data-padding-pos=\"all\" data-has-bg-color=\"false\" data-bg-color=\"\" data-bg-opacity=\"1\" data-animation=\"fade-in-from-bottom\" data-delay=\"0\" >\n\t\t<div class=\"vc_column-inner\" >\n\t\t<div class=\"wpb_wrapper\">\n\t\t\t\n<div class=\"wpb_text_column wpb_content_element\" >\n\t<div class=\"wpb_wrapper\">\n\t\t<h2>Valtava valikoima korkearesoluutioisia.<\/h2>\n\t<\/div>\n<\/div>\n\n\n\n\n<div class=\"wpb_text_column wpb_content_element\" >\n\t<div class=\"wpb_wrapper\">\n\t\t<p>Katso koko valikoimamme kanavia, elokuvia ja sarjoja.<\/p>\n\t<\/div>\n<\/div>\n\n\n\n\n\t\t<\/div> \n\t<\/div>\n\t<\/div> \n<\/div><\/div><div id=\"fws_69d627d3b6e74\" data-midnight=\"\" data-column-margin=\"default\" class=\"wpb_row vc_row-fluid vc_row inner_row\"  style=\"\"><div class=\"row-bg-wrap\"> <div class=\"row-bg\" ><\/div> <\/div><div class=\"row_col_wrap_12_inner col span_12  left\">\n\t<div  class=\"vc_col-sm-12 wpb_column column_container vc_column_container col child_column has-animation no-extra-padding inherit_tablet inherit_phone\"   data-padding-pos=\"all\" data-has-bg-color=\"false\" data-bg-color=\"\" data-bg-opacity=\"1\" data-animation=\"fade-in-from-bottom\" data-delay=\"100\" >\n\t\t<div class=\"vc_column-inner\" >\n\t\t<div class=\"wpb_wrapper\">\n\t\t\t<a class=\"nectar-button jumbo see-through-2\"  role=\"button\" style=\"margin-top: 25px; margin-right: 10px; margin-left: 10px;border-color: #ffffff; color: #ffffff;\"  href=\"https:\/\/suomitv.io\/fi\/kop\/\" data-color-override=\"#ffffff\"  data-hover-color-override=\"#ffffff\" data-hover-text-color-override=\"#000000\"><span>MEID\u00c4N VALINTA<\/span><\/a>\n\t\t<\/div> \n\t<\/div>\n\t<\/div> \n<\/div><\/div>\n\t\t\t<\/div> \n\t\t<\/div>\n\t<\/div> \n\n\t<div  class=\"vc_col-sm-2 wpb_column column_container vc_column_container col no-extra-padding inherit_tablet inherit_phone\"  data-padding-pos=\"all\" data-has-bg-color=\"false\" data-bg-color=\"\" data-bg-opacity=\"1\" data-animation=\"\" data-delay=\"0\" >\n\t\t<div class=\"vc_column-inner\" >\n\t\t\t<div class=\"wpb_wrapper\">\n\t\t\t\t\n\t\t\t<\/div> \n\t\t<\/div>\n\t<\/div> \n<\/div><\/div>","protected":false},"excerpt":{"rendered":"Sport Tableau \u00c4l\u00e4 missaa t\u00e4rkeit\u00e4 urheilutapahtumia! T\u00e4\u00e4lt\u00e4 l\u00f6yd\u00e4t kaikki urheiluajat ja kanavat televisiossa ja suoratoistossa 3 p\u00e4iv\u00e4\u00e4 eteenp\u00e4in. Valtava valikoima korkearesoluutioisia. Katso koko valikoimamme kanavia,...","protected":false},"author":1,"featured_media":0,"parent":0,"menu_order":0,"comment_status":"closed","ping_status":"closed","template":"","meta":{"footnotes":""},"class_list":["post-6505","page","type-page","status-publish"],"_links":{"self":[{"href":"https:\/\/suomitv.io\/fi\/wp-json\/wp\/v2\/pages\/6505","targetHints":{"allow":["GET"]}}],"collection":[{"href":"https:\/\/suomitv.io\/fi\/wp-json\/wp\/v2\/pages"}],"about":[{"href":"https:\/\/suomitv.io\/fi\/wp-json\/wp\/v2\/types\/page"}],"author":[{"embeddable":true,"href":"https:\/\/suomitv.io\/fi\/wp-json\/wp\/v2\/users\/1"}],"replies":[{"embeddable":true,"href":"https:\/\/suomitv.io\/fi\/wp-json\/wp\/v2\/comments?post=6505"}],"version-history":[{"count":7,"href":"https:\/\/suomitv.io\/fi\/wp-json\/wp\/v2\/pages\/6505\/revisions"}],"predecessor-version":[{"id":6533,"href":"https:\/\/suomitv.io\/fi\/wp-json\/wp\/v2\/pages\/6505\/revisions\/6533"}],"wp:attachment":[{"href":"https:\/\/suomitv.io\/fi\/wp-json\/wp\/v2\/media?parent=6505"}],"curies":[{"name":"wp","href":"https:\/\/api.w.org\/{rel}","templated":true}]}}