{"id":5968,"date":"2023-10-26T17:54:09","date_gmt":"2023-10-26T17:54:09","guid":{"rendered":"https:\/\/suomitv.io\/?post_type=product&#038;p=5968"},"modified":"2025-09-01T23:11:46","modified_gmt":"2025-09-01T23:11:46","slug":"12-manader-tvillingtjanst","status":"publish","type":"product","link":"https:\/\/suomitv.io\/fi\/tuote\/12-manader-tvillingtjanst\/","title":{"rendered":"2 * 12 M\u00e5nader"},"content":{"rendered":"<p>Sveriges st\u00f6rsta och popul\u00e4raste kanalpaket, alla kanaler i ett paket. Njut av filmer, serier, fakta, sport, nyheter och massor av tv f\u00f6r familjen. Detta paket fungerar p\u00e5 alla enheter s\u00e5som Smart tv, Mobiler, Surfplattor och boxar av olika slag.<\/p>","protected":false},"excerpt":{"rendered":"<p>Sveriges st\u00f6rsta och popul\u00e4raste kanalpaket, alla kanaler i ett paket. Njut av filmer, serier, fakta, sport, nyheter och massor av tv f\u00f6r familjen. Detta paket fungerar p\u00e5 alla enheter s\u00e5som Smart tv, Mobiler, Surfplattor och boxar av olika slag.<\/p>","protected":false},"featured_media":6616,"comment_status":"open","ping_status":"closed","template":"","meta":[],"product_brand":[],"product_cat":[35],"product_tag":[],"class_list":{"0":"post-5968","1":"product","2":"type-product","3":"status-publish","4":"has-post-thumbnail","6":"product_cat-subscription","8":"first","9":"instock","10":"shipping-taxable","11":"purchasable","12":"product-type-simple"},"_links":{"self":[{"href":"https:\/\/suomitv.io\/fi\/wp-json\/wp\/v2\/product\/5968","targetHints":{"allow":["GET"]}}],"collection":[{"href":"https:\/\/suomitv.io\/fi\/wp-json\/wp\/v2\/product"}],"about":[{"href":"https:\/\/suomitv.io\/fi\/wp-json\/wp\/v2\/types\/product"}],"replies":[{"embeddable":true,"href":"https:\/\/suomitv.io\/fi\/wp-json\/wp\/v2\/comments?post=5968"}],"wp:featuredmedia":[{"embeddable":true,"href":"https:\/\/suomitv.io\/fi\/wp-json\/wp\/v2\/media\/6616"}],"wp:attachment":[{"href":"https:\/\/suomitv.io\/fi\/wp-json\/wp\/v2\/media?parent=5968"}],"wp:term":[{"taxonomy":"product_brand","embeddable":true,"href":"https:\/\/suomitv.io\/fi\/wp-json\/wp\/v2\/product_brand?post=5968"},{"taxonomy":"product_cat","embeddable":true,"href":"https:\/\/suomitv.io\/fi\/wp-json\/wp\/v2\/product_cat?post=5968"},{"taxonomy":"product_tag","embeddable":true,"href":"https:\/\/suomitv.io\/fi\/wp-json\/wp\/v2\/product_tag?post=5968"}],"curies":[{"name":"wp","href":"https:\/\/api.w.org\/{rel}","templated":true}]}}