{"id":5972,"date":"2023-10-26T18:00:54","date_gmt":"2023-10-26T18:00:54","guid":{"rendered":"https:\/\/suomitv.io\/?post_type=product&#038;p=5972"},"modified":"2025-09-01T22:55:34","modified_gmt":"2025-09-01T22:55:34","slug":"tvip-705-med-4k-och-wifi-12-manader-abonnemang-ingar","status":"publish","type":"product","link":"https:\/\/suomitv.io\/fi\/tuote\/tvip-705-med-4k-och-wifi-12-manader-abonnemang-ingar\/","title":{"rendered":"TVIP 705 med 4K och wifi, 12 m\u00e5nader abonnemang ing\u00e5r"},"content":{"rendered":"<p>Best\u00e4ll en av v\u00e5ra f\u00f6rprogrammerade TVIP boxar. Boxen fungerar p\u00e5 b\u00e5de p\u00e5 wifi och via kabel, den klarar s\u00e4ndningar i HD och ultra HD samt automatiska undertexter som inte sviker. Har ni missat ett program kan ni med enkelhet g\u00e5 tillbaka med Catchup funktionen.<\/p>","protected":false},"excerpt":{"rendered":"<p>Best\u00e4ll en av v\u00e5ra f\u00f6rprogrammerade TVIP boxar. Boxen fungerar p\u00e5 b\u00e5de p\u00e5 wifi och via kabel, den klarar s\u00e4ndningar i HD och ultra HD samt automatiska undertexter som inte sviker. <\/p>","protected":false},"featured_media":6597,"comment_status":"open","ping_status":"closed","template":"","meta":[],"product_brand":[],"product_cat":[35],"product_tag":[],"class_list":{"0":"post-5972","1":"product","2":"type-product","3":"status-publish","4":"has-post-thumbnail","6":"product_cat-subscription","8":"first","9":"instock","10":"shipping-taxable","11":"purchasable","12":"product-type-simple"},"_links":{"self":[{"href":"https:\/\/suomitv.io\/fi\/wp-json\/wp\/v2\/product\/5972","targetHints":{"allow":["GET"]}}],"collection":[{"href":"https:\/\/suomitv.io\/fi\/wp-json\/wp\/v2\/product"}],"about":[{"href":"https:\/\/suomitv.io\/fi\/wp-json\/wp\/v2\/types\/product"}],"replies":[{"embeddable":true,"href":"https:\/\/suomitv.io\/fi\/wp-json\/wp\/v2\/comments?post=5972"}],"wp:featuredmedia":[{"embeddable":true,"href":"https:\/\/suomitv.io\/fi\/wp-json\/wp\/v2\/media\/6597"}],"wp:attachment":[{"href":"https:\/\/suomitv.io\/fi\/wp-json\/wp\/v2\/media?parent=5972"}],"wp:term":[{"taxonomy":"product_brand","embeddable":true,"href":"https:\/\/suomitv.io\/fi\/wp-json\/wp\/v2\/product_brand?post=5972"},{"taxonomy":"product_cat","embeddable":true,"href":"https:\/\/suomitv.io\/fi\/wp-json\/wp\/v2\/product_cat?post=5972"},{"taxonomy":"product_tag","embeddable":true,"href":"https:\/\/suomitv.io\/fi\/wp-json\/wp\/v2\/product_tag?post=5972"}],"curies":[{"name":"wp","href":"https:\/\/api.w.org\/{rel}","templated":true}]}}